{"id":2611,"date":"2024-04-06T11:48:18","date_gmt":"2024-04-06T11:48:18","guid":{"rendered":"https:\/\/farmacibela.com\/?post_type=product&#038;p=2611"},"modified":"2024-04-06T11:48:19","modified_gmt":"2024-04-06T11:48:19","slug":"u-g-a-nutraceuticals-cardiol-forte","status":"publish","type":"product","link":"https:\/\/farmacibela.com\/index.php\/product\/u-g-a-nutraceuticals-cardiol-forte\/","title":{"rendered":"U.G.A. Nutraceuticals \u2013 Cardiol Forte"},"content":{"rendered":"","protected":false},"excerpt":{"rendered":"<p>&nbsp;<\/p>\n<h4><strong>U.G.A. Nutraceuticals Cardiol Forte<\/strong><\/h4>\n<p class=\"swift-in-viewport\">Minikapsulat Cardiol Forte p\u00ebrb\u00ebhen nga kombinimi i omega-3 EPA dhe DHA, monakolina nga orizi i kuq i fermentuar dhe polifenole nga ulliri i cili mbron LDL -kolesterolin nga oksidimi, duke luajtur nj\u00eb rol vendimtar n\u00eb formimin e pllakave aterosklerotike. Normalizimi i niveleve t\u00eb yndyrnave n\u00eb gjak \u00ebsht\u00eb vet\u00ebm hapi i par\u00eb n\u00eb parandalimin e formimit t\u00eb pllakave aterosklerotike.<\/p>\n<ul class=\"swift-in-viewport\">\n<li>Vijn\u00eb n\u00eb formatin e minikapsulave me madh\u00ebsi m\u00eb t\u00eb vog\u00ebl dhe leht\u00ebsisht t\u00eb g\u00eblltitshme nga t\u00eb gjith\u00eb.<\/li>\n<li>I p\u00ebrshtatsh\u00ebm p\u00ebr t\u00eb rritur (18+).<\/li>\n<\/ul>\n<p class=\"swift-in-viewport\"><strong>P\u00ebrb\u00ebr\u00ebsit kryesor\u00eb:<\/strong><\/p>\n<ul class=\"swift-in-viewport\">\n<li><strong>Omega 3 EPA dhe DHA:<\/strong>\u00a0kontribuojn\u00eb n\u00eb funksionimin normal t\u00eb zemr\u00ebs me marrjen ditore prej 250 mg EPA dhe DHA dhe n\u00eb ruajtjen e presionit t\u00eb gjakut me marrjen ditore prej 3 g EPA dhe DHA.<\/li>\n<li><strong>Monacolina K:\u00a0<\/strong>nj\u00eb marrje ditore prej 10 mg monacolin K kontribuon n\u00eb ruajtjen e niveleve normale t\u00eb kolesterolit n\u00eb gjak. E \u00e7ertifikuar pa citrinin\u00eb.<\/li>\n<li><strong>Koenzima Q10;<\/strong>\u00a0\u00ebsht\u00eb nj\u00eb antioksidant i p\u00ebrfshir\u00eb n\u00eb proceset energjetike dhe mbrojtjen e qelizave nga veprimi i radikaleve t\u00eb lira. Studimet kan\u00eb treguar se koenzima Q10 mund t\u00eb p\u00ebrmir\u00ebsoj\u00eb funksionin e muskujve t\u00eb zemr\u00ebs.<\/li>\n<li><strong>Polifenolet e vajit t\u00eb ullirit:\u00a0<\/strong>kontribuojn\u00eb n\u00eb mbrojtjen e lipideve t\u00eb gjakut nga stresi oksidativ me nj\u00eb doz\u00eb ditore prej 5 mg.<\/li>\n<li><strong>Vitamina E:<\/strong>\u00a0kontribuon n\u00eb mbrojtjen qelizore nga stresi oksidativ pasi sh\u00ebrben si pastrues i radikal\u00ebve t\u00eb lira.<\/li>\n<\/ul>\n<h4><strong>Udh\u00ebzime mbi p\u00ebrdorimin<\/strong><\/h4>\n<p class=\"swift-in-viewport\">Merrni 3 minikapsula n\u00eb dit\u00eb<\/p>\n","protected":false},"featured_media":0,"comment_status":"open","ping_status":"closed","template":"","meta":[],"product_cat":[373,86],"product_tag":[],"jetpack_sharing_enabled":true,"_links":{"self":[{"href":"https:\/\/farmacibela.com\/index.php\/wp-json\/wp\/v2\/product\/2611"}],"collection":[{"href":"https:\/\/farmacibela.com\/index.php\/wp-json\/wp\/v2\/product"}],"about":[{"href":"https:\/\/farmacibela.com\/index.php\/wp-json\/wp\/v2\/types\/product"}],"replies":[{"embeddable":true,"href":"https:\/\/farmacibela.com\/index.php\/wp-json\/wp\/v2\/comments?post=2611"}],"version-history":[{"count":1,"href":"https:\/\/farmacibela.com\/index.php\/wp-json\/wp\/v2\/product\/2611\/revisions"}],"predecessor-version":[{"id":2612,"href":"https:\/\/farmacibela.com\/index.php\/wp-json\/wp\/v2\/product\/2611\/revisions\/2612"}],"wp:attachment":[{"href":"https:\/\/farmacibela.com\/index.php\/wp-json\/wp\/v2\/media?parent=2611"}],"wp:term":[{"taxonomy":"product_cat","embeddable":true,"href":"https:\/\/farmacibela.com\/index.php\/wp-json\/wp\/v2\/product_cat?post=2611"},{"taxonomy":"product_tag","embeddable":true,"href":"https:\/\/farmacibela.com\/index.php\/wp-json\/wp\/v2\/product_tag?post=2611"}],"curies":[{"name":"wp","href":"https:\/\/api.w.org\/{rel}","templated":true}]}}