{"id":2605,"date":"2024-04-05T12:27:22","date_gmt":"2024-04-05T12:27:22","guid":{"rendered":"https:\/\/farmacibela.com\/?post_type=product&#038;p=2605"},"modified":"2024-04-05T12:27:22","modified_gmt":"2024-04-05T12:27:22","slug":"bb-ecologic-pelena-ekologjike","status":"publish","type":"product","link":"https:\/\/farmacibela.com\/index.php\/product\/bb-ecologic-pelena-ekologjike\/","title":{"rendered":"BB Ecologic \u2013 Pelena ekologjike"},"content":{"rendered":"","protected":false},"excerpt":{"rendered":"<p class=\"swift-in-viewport\">Pelenat BB Ecologic p\u00ebrb\u00ebhen nga gati 50% materiale natyrale dhe te biodegradueshme. Celuloza natyrale e marr\u00eb gjithomn\u00eb nga pyjet t\u00eb cilat jan\u00eb menaxhuar me p\u00ebrgjegj\u00ebsi t\u00eb plot\u00eb ekologjike dhe t\u00eb certifikuar nga FSC dhe TFC (jo e zbardhur me klor).\u00a0 P\u00ebrmban nj\u00eb shtres\u00eb t\u00eb holl\u00eb ultra absorbuese e cila p\u00ebrthith shpejt dhe ruan lag\u00ebshtin\u00eb p\u00ebr t\u00eb siguruar shtres\u00ebn m\u00eb t\u00eb that\u00eb t\u00eb mundshme deri n\u00eb 12 or\u00eb.<\/p>\n<ul class=\"swift-in-viewport\">\n<li>Pelenat BB Ecologic jan\u00eb\u00a0ultra t\u00eb holla dhe shum\u00eb absorbuese me nj\u00eb shtres\u00eb t\u00eb sip\u00ebrme q\u00eb t\u00ebheq lag\u00ebshtin\u00eb dhe l\u00eb l\u00ebkur\u00ebn delikate t\u00eb bebes t\u00eb that\u00eb.<\/li>\n<li>Ecolabel, FSC, dhe t\u00eb\u00a0 certifikuar nga Oeko-Tex.<\/li>\n<li>Prodhuar n\u00eb Franc\u00eb.<\/li>\n<\/ul>\n","protected":false},"featured_media":2606,"comment_status":"open","ping_status":"closed","template":"","meta":[],"product_cat":[53],"product_tag":[],"jetpack_sharing_enabled":true,"_links":{"self":[{"href":"https:\/\/farmacibela.com\/index.php\/wp-json\/wp\/v2\/product\/2605"}],"collection":[{"href":"https:\/\/farmacibela.com\/index.php\/wp-json\/wp\/v2\/product"}],"about":[{"href":"https:\/\/farmacibela.com\/index.php\/wp-json\/wp\/v2\/types\/product"}],"replies":[{"embeddable":true,"href":"https:\/\/farmacibela.com\/index.php\/wp-json\/wp\/v2\/comments?post=2605"}],"version-history":[{"count":1,"href":"https:\/\/farmacibela.com\/index.php\/wp-json\/wp\/v2\/product\/2605\/revisions"}],"predecessor-version":[{"id":2607,"href":"https:\/\/farmacibela.com\/index.php\/wp-json\/wp\/v2\/product\/2605\/revisions\/2607"}],"wp:featuredmedia":[{"embeddable":true,"href":"https:\/\/farmacibela.com\/index.php\/wp-json\/wp\/v2\/media\/2606"}],"wp:attachment":[{"href":"https:\/\/farmacibela.com\/index.php\/wp-json\/wp\/v2\/media?parent=2605"}],"wp:term":[{"taxonomy":"product_cat","embeddable":true,"href":"https:\/\/farmacibela.com\/index.php\/wp-json\/wp\/v2\/product_cat?post=2605"},{"taxonomy":"product_tag","embeddable":true,"href":"https:\/\/farmacibela.com\/index.php\/wp-json\/wp\/v2\/product_tag?post=2605"}],"curies":[{"name":"wp","href":"https:\/\/api.w.org\/{rel}","templated":true}]}}