{"id":2602,"date":"2024-04-05T12:24:51","date_gmt":"2024-04-05T12:24:51","guid":{"rendered":"https:\/\/farmacibela.com\/?post_type=product&#038;p=2602"},"modified":"2024-04-05T12:24:51","modified_gmt":"2024-04-05T12:24:51","slug":"mustela-qumesht-mbrojtes-ndaj-diellit-spf-50","status":"publish","type":"product","link":"https:\/\/farmacibela.com\/index.php\/product\/mustela-qumesht-mbrojtes-ndaj-diellit-spf-50\/","title":{"rendered":"Mustela \u2013 Qum\u00ebsht mbrojt\u00ebs ndaj diellit (SPF 50+)"},"content":{"rendered":"","protected":false},"excerpt":{"rendered":"<section class=\"active toggle-bar field field-name-body field-type-text-with-summary field-label-above view-mode-full swift-in-viewport\">\n<h4 id=\"toggle1\" class=\"field-label\"><strong>Vetit\u00eb<\/strong><\/h4>\n<div class=\"field-items swift-in-viewport\">\n<div class=\"field-item even swift-in-viewport\">\n<ul class=\"swift-in-viewport\">\n<li>Mbrojtje shum\u00eb\u00a0e lart\u00eb\u00a0SPF 50+ UVB UVA<\/li>\n<li>Me rezistenc\u00eb\u00a0shum\u00eb\u00a0t\u00eb\u00a0lart\u00eb\u00a0ndaj ujit<\/li>\n<li>P\u00ebrforcon barrier\u00ebn mbrojt\u00ebse dhe ruan pasurin\u00eb\u00a0qelizore t\u00eb\u00a0l\u00ebkur\u00ebs s\u00eb\u00a0bebes dhe f\u00ebmij\u00ebs ndaj agresioneve UV fal\u00eb\u00a0Avocado Perseose\u00ae<\/li>\n<\/ul>\n<div class=\"swift-in-viewport\"><strong>Siguri e garantuar q\u00eb nga lindja*<\/strong><\/div>\n<ul class=\"swift-in-viewport\">\n<li>L\u00ebkura t\u00eb\u00a0ndjeshme dhe intolerante ndaj diellit duke p\u00ebrfshir\u00eb\u00a0dhe l\u00ebkurat me tendenc\u00eb\u00a0atopike<\/li>\n<li>Testuar n\u00ebn kontroll dermatologjik dhe pediatrik .<\/li>\n<li>Toleranc\u00eb e lart\u00eb<\/li>\n<li>Hipoalergjenik \u2013 Formuluar p\u00ebr t\u00eb minimizuar rreziqet nga reaksionet alergjike.<\/li>\n<li>0% parfum, alkool.<\/li>\n<\/ul>\n<div class=\"swift-in-viewport\">\u00a0*<em>P\u00ebrfshi edhe neonat\u00ebt duke respektuar rregullat e q\u00ebndrimit n\u00eb\u00a0diell.<\/em><\/div>\n<\/div>\n<\/div>\n<\/section>\n<section class=\"active toggle-bar field field-name-field-composition field-type-text-long field-label-above view-mode-full swift-in-viewport\">\n<h4 id=\"toggle2\" class=\"field-label\"><strong>Efikasitet i provuar<\/strong><\/h4>\n<div class=\"field-items swift-in-viewport\">\n<div class=\"field-item even swift-in-viewport\">\n<ul class=\"swift-in-viewport\">\n<li>Mbrojtje shum\u00eb e lart\u00eb SPF50+ UVB UVA<\/li>\n<li>Forma galenike e produktit \u00ebsht\u00eb e k\u00ebndshme : 100 %<\/li>\n<li>Produkti e l\u00eb l\u00ebkur\u00ebn t\u00eb but\u00eb dhe elastike dhe nuk ngjit: 100 %<\/li>\n<li>Produkti nuk i njollos veshjet: 95 %<\/li>\n<\/ul>\n<div class=\"swift-in-viewport\"><em>Test p\u00ebrdorimi i realizuar n\u00eb kontroll dermatologjik dhe pediatrik pran\u00eb 43 bebeve dhe f\u00ebmij\u00ebve gjat\u00eb 2 jav\u00ebve (p\u00ebrqindja e k\u00ebnaq\u00ebsis\u00eb)<\/em><\/div>\n<\/div>\n<\/div>\n<\/section>\n<section class=\"active toggle-bar field field-name-field-recommandation field-type-text-long field-label-above view-mode-full swift-in-viewport\">\n<p id=\"toggle4\" class=\"field-label swift-in-viewport\"><strong>P\u00ebrb\u00ebr\u00ebsit<\/strong><\/p>\n<div class=\"field-items swift-in-viewport\">\n<div class=\"field-item even swift-in-viewport\">\n<ul class=\"swift-in-viewport\">\n<li>Sistem filtrash foto-mbrojt\u00ebs SPF50+ UVB UVA<\/li>\n<li>Avocado Perseose\u00ae: p\u00ebrb\u00ebr\u00ebs aktiv me origjin\u00eb natyrale i patentuar q\u00eb p\u00ebrforcon barrier\u00ebn e l\u00ebkur\u00ebs dhe ruan pasurin\u00eb e saj qelizore nga agresionet e rrezeve UV<\/li>\n<\/ul>\n<p class=\"swift-in-viewport\"><strong>86 % \u00a0p\u00ebrb\u00ebr\u00ebs me origjin\u00eb natyrale<\/strong><\/p>\n<h4 class=\"field-label\"><strong>Udh\u00ebzime mbi p<\/strong><strong>\u00ebrdorimin<\/strong><\/h4>\n<div class=\"field-items swift-in-viewport\">\n<div class=\"field-item even swift-in-viewport\">\n<p class=\"swift-in-viewport\">Rekomandohet t\u00eb mos ekspozohen direkt n\u00eb diell f\u00ebmij\u00ebt n\u00ebn 3 vje\u00e7. N\u00eb rast ekspozimi t\u00eb paevituesh\u00ebm, aplikoni produktin n\u00eb shtres\u00eb t\u00eb trash\u00eb mbi l\u00ebkur\u00eb t\u00eb that\u00eb, n\u00eb fytyr\u00eb dhe trup para ekspozimit dhe rinovojeni aplikimin t\u00eb pakt\u00ebn \u00e7do 2 or\u00eb dhe pas \u00e7do larjeje. Mos i ekspozoni direkt n\u00eb diell f\u00ebmij\u00ebt e vegj\u00ebl. Vishini nj\u00eb kapel\u00eb, nj\u00eb k\u00ebmish\u00eb dhe syze dielli. Shmangni kontaktin me syt\u00eb.<\/p>\n<p class=\"swift-in-viewport\"><strong>K\u00ebnaq\u00ebsi p\u00ebrdorimi<\/strong><\/p>\n<ul class=\"swift-in-viewport\">\n<li>Qum\u00ebsht kremoz, p\u00ebrhapet me leht\u00ebsi mbi l\u00ebkur\u00ebn e bebes dhe nuk ngjit pas aplikimit.<\/li>\n<li>E mban l\u00ebkur\u00ebn t\u00eb but\u00eb, elastike dhe t\u00eb hidratuar.<\/li>\n<li>Forma e tij galenike e leht\u00eb dhe e padukshme mbi l\u00ebkur\u00eb \u00ebsht\u00eb shum\u00eb rezistente ndaj ujit, transpirimit ose fshirjeve me peshqir apo veshjeve.<\/li>\n<li>Tubet me kapak q\u00eb nuk lejon rrjedhjen e produktit dhe lejon marrjen e sasis\u00eb s\u00eb nevojshme.<\/li>\n<\/ul>\n<p class=\"swift-in-viewport\"><strong>Praktik<\/strong><\/p>\n<p class=\"swift-in-viewport\">Tubeti me kapakun q\u00eb nuk lejon rrjedhjen e produktit dhe lejon marrjen e sasis\u00eb s\u00eb nevojshme.<\/p>\n<p class=\"swift-in-viewport\"><em>* P\u00ebrfshi dhe neonat\u00ebt.<\/em><\/p>\n<\/div>\n<\/div>\n<\/div>\n<\/div>\n<\/section>\n","protected":false},"featured_media":2603,"comment_status":"open","ping_status":"closed","template":"","meta":[],"product_cat":[53],"product_tag":[],"jetpack_sharing_enabled":true,"_links":{"self":[{"href":"https:\/\/farmacibela.com\/index.php\/wp-json\/wp\/v2\/product\/2602"}],"collection":[{"href":"https:\/\/farmacibela.com\/index.php\/wp-json\/wp\/v2\/product"}],"about":[{"href":"https:\/\/farmacibela.com\/index.php\/wp-json\/wp\/v2\/types\/product"}],"replies":[{"embeddable":true,"href":"https:\/\/farmacibela.com\/index.php\/wp-json\/wp\/v2\/comments?post=2602"}],"version-history":[{"count":1,"href":"https:\/\/farmacibela.com\/index.php\/wp-json\/wp\/v2\/product\/2602\/revisions"}],"predecessor-version":[{"id":2604,"href":"https:\/\/farmacibela.com\/index.php\/wp-json\/wp\/v2\/product\/2602\/revisions\/2604"}],"wp:featuredmedia":[{"embeddable":true,"href":"https:\/\/farmacibela.com\/index.php\/wp-json\/wp\/v2\/media\/2603"}],"wp:attachment":[{"href":"https:\/\/farmacibela.com\/index.php\/wp-json\/wp\/v2\/media?parent=2602"}],"wp:term":[{"taxonomy":"product_cat","embeddable":true,"href":"https:\/\/farmacibela.com\/index.php\/wp-json\/wp\/v2\/product_cat?post=2602"},{"taxonomy":"product_tag","embeddable":true,"href":"https:\/\/farmacibela.com\/index.php\/wp-json\/wp\/v2\/product_tag?post=2602"}],"curies":[{"name":"wp","href":"https:\/\/api.w.org\/{rel}","templated":true}]}}