{"id":2600,"date":"2024-04-05T12:23:02","date_gmt":"2024-04-05T12:23:02","guid":{"rendered":"https:\/\/farmacibela.com\/?post_type=product&#038;p=2600"},"modified":"2024-04-05T12:23:02","modified_gmt":"2024-04-05T12:23:02","slug":"sudocrem-krem-antiseptik-dhe-riparues-i-lekures","status":"publish","type":"product","link":"https:\/\/farmacibela.com\/index.php\/product\/sudocrem-krem-antiseptik-dhe-riparues-i-lekures\/","title":{"rendered":"Sudocrem \u2013 Krem antiseptik dhe riparues i l\u00ebkur\u00ebs"},"content":{"rendered":"","protected":false},"excerpt":{"rendered":"<h4>Sudocrem Krem antiseptik dhe riparues i l\u00ebkur\u00ebs<\/h4>\n<p class=\"swift-in-viewport\">Aleati m\u00eb i mir\u00eb dhe efektiv i mamave p\u00ebr rreth 85 vjet dhe \u00ebsht\u00eb fantastik p\u00ebr t\u00eb zbutur l\u00ebkur\u00ebn e l\u00ebnduar dhe trajtimin e skuqjeve nga pampersi. Sudocrem krem antispetik sh\u00ebrues mund t\u00eb p\u00ebrdoret nga e gjithe familja p\u00ebr t\u00eb gjith\u00eb d\u00ebmtimet e vogla t\u00eb l\u00ebkur\u00ebs dhe mund t\u00eb ndihmoj\u00eb shum\u00eb n\u00eb trajtimin e t\u00eb pasmeve t\u00eb bebit tuaj!<\/p>\n<p class=\"swift-in-viewport\"><strong>Trajtimi i skuqjeve nga pelenat<\/strong><br \/>\n<em>SUDOCREM<\/em>\u00a0\u00ebsht\u00eb provuar klinikisht p\u00ebr qet\u00ebsimin dhe sh\u00ebrimin e l\u00ebkur\u00ebs delikate t\u00eb bebes suaj dhe vepron n\u00eb 3 m\u00ebnyra t\u00eb thjeshta: zbut l\u00ebkur\u00ebn e inflamuar, p\u00ebrb\u00ebr\u00ebsit e tij jan\u00eb t\u00eb njohur p\u00ebr vetit\u00eb riparuese, ka n\u00eb p\u00ebrb\u00ebrje nj\u00eb anestezik lokal q\u00eb ndihmon n\u00eb qet\u00ebsimin e dhimbjes dhe irritimit.<\/p>\n<p class=\"swift-in-viewport\"><strong>Prerje, fshikje dhe djegie t\u00eb vogla<\/strong><br \/>\n<em>SUDOCREM<\/em>\u00a0ofron qet\u00ebsim t\u00eb menj\u00ebhersh\u00ebm dhe efektiv ndaj prerjeve, fshikjeve dhe djegieve t\u00eb vogla. Ndihmon n\u00eb sh\u00ebrimin e plag\u00ebs duke formuar nj\u00eb shtres\u00eb mbrojtese mbi zon\u00ebn e prekur, duke ulur rrezikun p\u00ebr infeksion dhe gjithashtu p\u00ebrmban nj\u00eb anestezik t\u00eb leht\u00eb p\u00ebr t\u00eb zbutur diskomfortin.<\/p>\n<p class=\"swift-in-viewport\"><strong>Akne<\/strong><br \/>\n<em>SUDOCREM<\/em>\u00a0krem riparues antiseptik \u00ebsht\u00eb kremi m\u00eb i preferuar kund\u00ebr skuqjeve nga pelenat por a e dinit q\u00eb \u00ebsht\u00eb dhe m\u00eb i miri\u00a0p\u00ebr trajtimin e gjendjeve t\u00eb l\u00ebkur\u00ebs si aknet?\u00a0<em>Sudocrem<\/em>\u00a0ndihmon n\u00eb qet\u00ebsimin dhe sh\u00ebrimin e l\u00ebkur\u00ebs duke mbrojtur zon\u00ebn e prekur.<\/p>\n<p class=\"swift-in-viewport\"><strong>Ekzema<\/strong><br \/>\nEkzema \u00ebsht\u00eb nj\u00eb gjendje e that\u00eb e l\u00ebkur\u00ebs q\u00eb prek 1 n\u00eb 5 f\u00ebmij\u00eb dhe 1 n\u00eb 12 t\u00eb rritur n\u00eb\u00a0<em>Mbreterine e Bashkuar<\/em>. Ajo mund t\u00eb shkaktoj\u00eb l\u00ebkur\u00eb t\u00eb plasaritur dhe t\u00eb l\u00ebnduar q\u00eb mund t\u00eb jet\u00eb e dhimbshme dhe e v\u00ebshtir\u00eb p\u00ebr tu hidratuar.\u00a0<em>Sudocrem<\/em>\u00a0mund t\u00eb p\u00ebrdoret p\u00ebr t\u00eb qet\u00ebsuar dhe sh\u00ebruar ekzemat dhe gjendje t\u00eb tjera t\u00eb l\u00ebkur\u00ebs.<\/p>\n","protected":false},"featured_media":0,"comment_status":"open","ping_status":"closed","template":"","meta":[],"product_cat":[98,372,323],"product_tag":[],"jetpack_sharing_enabled":true,"_links":{"self":[{"href":"https:\/\/farmacibela.com\/index.php\/wp-json\/wp\/v2\/product\/2600"}],"collection":[{"href":"https:\/\/farmacibela.com\/index.php\/wp-json\/wp\/v2\/product"}],"about":[{"href":"https:\/\/farmacibela.com\/index.php\/wp-json\/wp\/v2\/types\/product"}],"replies":[{"embeddable":true,"href":"https:\/\/farmacibela.com\/index.php\/wp-json\/wp\/v2\/comments?post=2600"}],"version-history":[{"count":1,"href":"https:\/\/farmacibela.com\/index.php\/wp-json\/wp\/v2\/product\/2600\/revisions"}],"predecessor-version":[{"id":2601,"href":"https:\/\/farmacibela.com\/index.php\/wp-json\/wp\/v2\/product\/2600\/revisions\/2601"}],"wp:attachment":[{"href":"https:\/\/farmacibela.com\/index.php\/wp-json\/wp\/v2\/media?parent=2600"}],"wp:term":[{"taxonomy":"product_cat","embeddable":true,"href":"https:\/\/farmacibela.com\/index.php\/wp-json\/wp\/v2\/product_cat?post=2600"},{"taxonomy":"product_tag","embeddable":true,"href":"https:\/\/farmacibela.com\/index.php\/wp-json\/wp\/v2\/product_tag?post=2600"}],"curies":[{"name":"wp","href":"https:\/\/api.w.org\/{rel}","templated":true}]}}