{"id":2597,"date":"2024-04-05T12:19:49","date_gmt":"2024-04-05T12:19:49","guid":{"rendered":"https:\/\/farmacibela.com\/?post_type=product&#038;p=2597"},"modified":"2024-04-05T12:19:49","modified_gmt":"2024-04-05T12:19:49","slug":"mylan-brufen-400mg","status":"publish","type":"product","link":"https:\/\/farmacibela.com\/index.php\/product\/mylan-brufen-400mg\/","title":{"rendered":"Mylan \u2013 Brufen 400mg"},"content":{"rendered":"","protected":false},"excerpt":{"rendered":"<p class=\"swift-in-viewport\">Brufen p\u00ebrmban 400mg ibuprofen.<\/p>\n<p class=\"swift-in-viewport\">Brufeni mund t\u00eb p\u00ebrdoret p\u00ebr t\u00eb leht\u00ebsuar dhimbjen dhe inflamacionin n\u00eb gj\u00ebndje si osteoartriti, artriti reumatoid (duke p\u00ebrfshir\u00eb artritin reumatoid juvenil ose s\u00ebmundjen e Still), spondiliti ankiIozant, ky\u00e7et e \u00ebnjtura, supi i ngrir\u00eb, bursite, tendinite, tenosinovite, dhimbje e fundit t\u00eb shpin\u00ebs, ndrydhje dhe t\u00ebrheqje.<br \/>\nBrufeni mund t\u00eb p\u00ebrdoret gjithashtu p\u00ebr t\u00eb trajtuar situata t\u00eb tjera t\u00eb dhimbshme si dhimbje dh\u00ebmballe, dhimbje pas operacioneve, dhimbje t\u00eb menstruacioneve dhe dhimbje koke duke p\u00ebrfshir\u00eb dhe migren\u00ebn.<\/p>\n<h4><b>P\u00ebrpara se t\u00eb merrni Tabletat Brufen<\/b><\/h4>\n<ul class=\"swift-in-viewport\">\n<li>Jeni shtatzan\u00eb ose duke planifikuar nj\u00eb shtatzani, ose jeni duke dh\u00ebn\u00eb gji?<\/li>\n<li>Jeni t\u00eb ndjesh\u00ebm (alergjike), ndaj nj\u00ebrit prej p\u00ebrb\u00ebr\u00ebsve t\u00eb k\u00ebtij medikamenti, (shih m\u00eb sip\u00ebr)?<\/li>\n<li>A keni, ose a keni patur m\u00eb par\u00eb nj\u00eb ul\u00e7er stomaku, ose ndonj\u00eb shqet\u00ebsim tjet\u00ebr gastrik?<\/li>\n<li>A vuani nga astma, ose a keni patur ndonj\u00ebher\u00eb nj\u00eb reaksion alergjik ose v\u00ebshtir\u00ebsi n\u00eb frym\u00ebmarrje pas marrjes s\u00eb ibuprotenit, aspirin\u00ebs ose ndonj\u00eb anti inflamatori tjet\u00ebr qet\u00ebsues t\u00eb dhimbjes?<\/li>\n<li>A vuani nga s\u00ebmundje t\u00eb m\u00ebl\u00e7is\u00eb, veshkave ose zemr\u00ebs? \u00a0Medikamente si Brufeni mund t\u00eb shoq\u00ebrohen me nj\u00eb rritje t\u00eb vog\u00ebl t\u00eb riskut p\u00ebr infarkt t\u00eb zemr\u00ebs, (\u201cinfarkt i miokardit\u201d) ose goditje n\u00eb tru. \u00c7do risk \u00ebsht\u00eb m\u00eb i mundsh\u00ebm kur merren doza t\u00eb m\u00ebdha ose n\u00eb trajtimin e zgjatur n\u00eb koh\u00eb. N\u00ebse keni probleme zemre, goditje t\u00eb m\u00ebparshme n\u00eb tru, ose mendoni se mund t\u00eb jeni n\u00eb risk p\u00ebr ti b\u00ebr\u00eb k\u00ebto, (p\u00ebr shembull, n\u00ebse keni presion t\u00eb rritur gjaku, diabet ose kolesterol t\u00eb rritur, ose jeni duhanpir\u00ebs), ju duhet t\u00eb diskutoni trajtimin tuaj me mjekun tuaj ose farmacistin.<\/li>\n<\/ul>\n<h4><b>Si p\u00ebrdoren tabletat Brufen<\/b><\/h4>\n<p class=\"swift-in-viewport\">Ndiqni udh\u00ebzimet e mjekut se kur dhe si t\u00eb p\u00ebrdorni tabletat dhe kontrolloni etiket\u00ebn mbi shishe. Gjithashtu dhe farmacisti mund t\u2019ju ndihmojn\u00eb n\u00ebse nuk jeni t\u00eb sigurt.<br \/>\nTabletat Brufen mund t\u00eb merren dhe pa ngr\u00ebn\u00eb, me pak uj\u00eb.<br \/>\nMegjithat\u00eb, nj\u00eb num\u00ebr i vog\u00ebl i njer\u00ebzve mund t\u00eb ken\u00eb keqtretje t\u00eb leht\u00eb nga Brufeni.<br \/>\nN\u00ebse ndodh kjo gj\u00eb, at\u00ebhere duhet t\u2019i merrni tabletat me pak ushqim ose qum\u00ebsht.<\/p>\n<p class=\"swift-in-viewport\"><b>T\u00eb rriturit:<\/b>Doza e zakonshme ditore \u00ebsht\u00eb 600 mg deri 1800 mg, t\u00eb shp\u00ebrndara n\u00eb disa marrje n\u00eb dit\u00eb.<\/p>\n<p class=\"swift-in-viewport\">Mjeku mund t\u00eb vendos\u00eb p\u00ebr t\u00eb rritur doz\u00ebn n\u00eb var\u00ebsi t\u00eb simptomave tuaja, por jo m\u00eb shum\u00eb se 2400 mg n\u00eb nj\u00eb dit\u00eb.<\/p>\n","protected":false},"featured_media":2598,"comment_status":"open","ping_status":"closed","template":"","meta":[],"product_cat":[373,86],"product_tag":[],"jetpack_sharing_enabled":true,"_links":{"self":[{"href":"https:\/\/farmacibela.com\/index.php\/wp-json\/wp\/v2\/product\/2597"}],"collection":[{"href":"https:\/\/farmacibela.com\/index.php\/wp-json\/wp\/v2\/product"}],"about":[{"href":"https:\/\/farmacibela.com\/index.php\/wp-json\/wp\/v2\/types\/product"}],"replies":[{"embeddable":true,"href":"https:\/\/farmacibela.com\/index.php\/wp-json\/wp\/v2\/comments?post=2597"}],"version-history":[{"count":1,"href":"https:\/\/farmacibela.com\/index.php\/wp-json\/wp\/v2\/product\/2597\/revisions"}],"predecessor-version":[{"id":2599,"href":"https:\/\/farmacibela.com\/index.php\/wp-json\/wp\/v2\/product\/2597\/revisions\/2599"}],"wp:featuredmedia":[{"embeddable":true,"href":"https:\/\/farmacibela.com\/index.php\/wp-json\/wp\/v2\/media\/2598"}],"wp:attachment":[{"href":"https:\/\/farmacibela.com\/index.php\/wp-json\/wp\/v2\/media?parent=2597"}],"wp:term":[{"taxonomy":"product_cat","embeddable":true,"href":"https:\/\/farmacibela.com\/index.php\/wp-json\/wp\/v2\/product_cat?post=2597"},{"taxonomy":"product_tag","embeddable":true,"href":"https:\/\/farmacibela.com\/index.php\/wp-json\/wp\/v2\/product_tag?post=2597"}],"curies":[{"name":"wp","href":"https:\/\/api.w.org\/{rel}","templated":true}]}}