{"id":2593,"date":"2024-04-05T12:05:49","date_gmt":"2024-04-05T12:05:49","guid":{"rendered":"https:\/\/farmacibela.com\/?post_type=product&#038;p=2593"},"modified":"2024-04-05T12:05:49","modified_gmt":"2024-04-05T12:05:49","slug":"dermedic-baby-linum-bath-and-shower-oil","status":"publish","type":"product","link":"https:\/\/farmacibela.com\/index.php\/product\/dermedic-baby-linum-bath-and-shower-oil\/","title":{"rendered":"Dermedic \u2013 Baby Linum Bath and Shower Oil"},"content":{"rendered":"","protected":false},"excerpt":{"rendered":"<p class=\"swift-in-viewport\">E rekomanduar p\u00ebr higjen\u00ebn e p\u00ebrditshme dhe p\u00ebrkujdesjen e e l\u00ebkurave t\u00eb thata, shum\u00eb t\u00eb thata, l\u00ebkurat atopike, me tendenc\u00eb p\u00ebr alergji ose psoriaz\u00eb. Mund t\u00eb p\u00ebrdoret q\u00eb nga dita e par\u00eb e jet\u00ebs.<\/p>\n<p class=\"swift-in-viewport\"><strong>P\u00ebrb\u00ebr\u00ebsit aktiv\u00eb:<\/strong>\u00a0Vaj lini, Glicerin\u00eb<\/p>\n<ul class=\"swift-in-viewport\">\n<li>Lan but\u00ebsisht pa d\u00ebmtuar barrier\u00ebn natyrale lipidike t\u00eb l\u00ebkur\u00ebs.<\/li>\n<li>Me vaj lini \u2013 ushqen, zbut l\u00ebkur\u00ebn dhe e rigjeneron at\u00eb<\/li>\n<li>Nuk p\u00ebrmban sapun<\/li>\n<li>Hipoalergjik<\/li>\n<\/ul>\n<h4><strong>Udh\u00ebzime mbi p\u00ebrdorimin<\/strong><\/h4>\n<p class=\"swift-in-viewport\">Hidhni nj\u00eb tap\u00eb n\u00eb ujin e p\u00ebrgatitur p\u00ebr banjo. Mund t\u00eb p\u00ebrdoret n\u00eb dush, edhe direkt n\u00eb l\u00ebkur\u00eb. Pas larjes, shplajeni mir\u00eb l\u00ebkur\u00ebn.<\/p>\n","protected":false},"featured_media":2594,"comment_status":"open","ping_status":"closed","template":"","meta":[],"product_cat":[334,98,321],"product_tag":[],"jetpack_sharing_enabled":true,"_links":{"self":[{"href":"https:\/\/farmacibela.com\/index.php\/wp-json\/wp\/v2\/product\/2593"}],"collection":[{"href":"https:\/\/farmacibela.com\/index.php\/wp-json\/wp\/v2\/product"}],"about":[{"href":"https:\/\/farmacibela.com\/index.php\/wp-json\/wp\/v2\/types\/product"}],"replies":[{"embeddable":true,"href":"https:\/\/farmacibela.com\/index.php\/wp-json\/wp\/v2\/comments?post=2593"}],"version-history":[{"count":1,"href":"https:\/\/farmacibela.com\/index.php\/wp-json\/wp\/v2\/product\/2593\/revisions"}],"predecessor-version":[{"id":2595,"href":"https:\/\/farmacibela.com\/index.php\/wp-json\/wp\/v2\/product\/2593\/revisions\/2595"}],"wp:featuredmedia":[{"embeddable":true,"href":"https:\/\/farmacibela.com\/index.php\/wp-json\/wp\/v2\/media\/2594"}],"wp:attachment":[{"href":"https:\/\/farmacibela.com\/index.php\/wp-json\/wp\/v2\/media?parent=2593"}],"wp:term":[{"taxonomy":"product_cat","embeddable":true,"href":"https:\/\/farmacibela.com\/index.php\/wp-json\/wp\/v2\/product_cat?post=2593"},{"taxonomy":"product_tag","embeddable":true,"href":"https:\/\/farmacibela.com\/index.php\/wp-json\/wp\/v2\/product_tag?post=2593"}],"curies":[{"name":"wp","href":"https:\/\/api.w.org\/{rel}","templated":true}]}}