{"id":2590,"date":"2024-04-05T12:02:59","date_gmt":"2024-04-05T12:02:59","guid":{"rendered":"https:\/\/farmacibela.com\/?post_type=product&#038;p=2590"},"modified":"2024-04-05T12:02:59","modified_gmt":"2024-04-05T12:02:59","slug":"esi-le-dieci-erbe","status":"publish","type":"product","link":"https:\/\/farmacibela.com\/index.php\/product\/esi-le-dieci-erbe\/","title":{"rendered":"ESI \u2013 Le Dieci Erbe"},"content":{"rendered":"","protected":false},"excerpt":{"rendered":"<div class=\"title\">\n<h2 class=\"sottotitolo\">Suplement natyral p\u00ebr t\u00eb luftuar kapsll\u00ebkun<\/h2>\n<\/div>\n<div class=\"single-data\">\n<div class=\"indicazioni\">\n<div class=\"value lesscontent morecontent\">\n<p>Le Dieci Erbe \u00ebsht\u00eb nj\u00eb shtes\u00eb ushqimore, 100% natyrale, i p\u00ebrb\u00ebr\u00eb nga nj\u00eb p\u00ebrzierje bim\u00ebsh t\u00eb pluhurosura dhe t\u00eb presuara n\u00eb tableta, p\u00ebr t\u00eb favorizuar funksionin e zorr\u00ebs, tretjen normale dhe jasht\u00ebqitjen.<\/p>\n<h2>P\u00ebrb\u00ebr\u00ebsit kund\u00ebr zorr\u00ebs dembele dhe p\u00ebr nj\u00eb tretje t\u00eb mir\u00eb<\/h2>\n<p>Aloe, Kaskara, Sena, Rhamnus Alpin e Rabarbaro p\u00ebrmir\u00ebsojn\u00eb funksionin intestinal. Finoku, Liquirizia, Gentiana, lule qum\u00ebshti dhe Marubi favorizojn\u00eb tretjen.<\/p>\n<p><em>P\u00ebrdorimi:<\/em><\/p>\n<p>K\u00ebshillohet marrja e 1-3 tabletave me shum\u00eb uje, n\u00eb dark\u00eb para se te flini.<\/p>\n<p><em>Kujdes:\u00a0<\/em>mbajeni larg f\u00ebmij\u00ebve n\u00ebn 3 vje\u00e7. Mos tejkaloni doz\u00ebn e rekomanduar ditore. Suplementet nuk duhet t\u00eb konsiderohen si nj\u00eb z\u00ebvend\u00ebsim i nj\u00eb diete t\u00eb balancuar dhe nj\u00eb jetese t\u00eb sh\u00ebndetshme.<\/p>\n<p><em>Nuk p\u00ebrmban aroma artificiale, ngjyrues artificiale, gluten, laktoz\u00eb, OMGJ<\/em><\/p>\n<\/div>\n<\/div>\n<\/div>\n","protected":false},"featured_media":2591,"comment_status":"open","ping_status":"closed","template":"","meta":[],"product_cat":[271,250,82],"product_tag":[],"jetpack_sharing_enabled":true,"_links":{"self":[{"href":"https:\/\/farmacibela.com\/index.php\/wp-json\/wp\/v2\/product\/2590"}],"collection":[{"href":"https:\/\/farmacibela.com\/index.php\/wp-json\/wp\/v2\/product"}],"about":[{"href":"https:\/\/farmacibela.com\/index.php\/wp-json\/wp\/v2\/types\/product"}],"replies":[{"embeddable":true,"href":"https:\/\/farmacibela.com\/index.php\/wp-json\/wp\/v2\/comments?post=2590"}],"version-history":[{"count":1,"href":"https:\/\/farmacibela.com\/index.php\/wp-json\/wp\/v2\/product\/2590\/revisions"}],"predecessor-version":[{"id":2592,"href":"https:\/\/farmacibela.com\/index.php\/wp-json\/wp\/v2\/product\/2590\/revisions\/2592"}],"wp:featuredmedia":[{"embeddable":true,"href":"https:\/\/farmacibela.com\/index.php\/wp-json\/wp\/v2\/media\/2591"}],"wp:attachment":[{"href":"https:\/\/farmacibela.com\/index.php\/wp-json\/wp\/v2\/media?parent=2590"}],"wp:term":[{"taxonomy":"product_cat","embeddable":true,"href":"https:\/\/farmacibela.com\/index.php\/wp-json\/wp\/v2\/product_cat?post=2590"},{"taxonomy":"product_tag","embeddable":true,"href":"https:\/\/farmacibela.com\/index.php\/wp-json\/wp\/v2\/product_tag?post=2590"}],"curies":[{"name":"wp","href":"https:\/\/api.w.org\/{rel}","templated":true}]}}