{"id":2584,"date":"2024-04-05T08:30:37","date_gmt":"2024-04-05T08:30:37","guid":{"rendered":"https:\/\/farmacibela.com\/?post_type=product&#038;p=2584"},"modified":"2024-04-05T12:09:38","modified_gmt":"2024-04-05T12:09:38","slug":"rapidol-s-ibuprofen-400mg","status":"publish","type":"product","link":"https:\/\/farmacibela.com\/index.php\/product\/rapidol-s-ibuprofen-400mg\/","title":{"rendered":"Rapidol S \u2013 Ibuprofen 400mg"},"content":{"rendered":"","protected":false},"excerpt":{"rendered":"<p class=\"swift-in-viewport\"><b>Ky bar mund t\u00eb merret pa recet\u00eb nga mjeku. Megjithat\u00eb, ju p\u00ebrs\u00ebri duhet t\u00eb b\u00ebni kujdes n\u00eb m\u00ebnyr\u00eb q\u00eb t\u00eb p\u00ebrfitoni rezultatet m\u00eb t\u00eb mira.<\/b><\/p>\n<ul class=\"swift-in-viewport\">\n<li>Mbajeni k\u00ebt\u00eb flet\u00eb-udh\u00ebzues. Mund t\u00eb duhet ta lexoni p\u00ebrs\u00ebri.<\/li>\n<li>N\u00ebse keni pyetje t\u00eb tjera, pyesni mjekun ose farmacisitin.<\/li>\n<li>Ky bar \u00ebsht\u00eb dh\u00ebn\u00eb p\u00ebr ju. Mos e kaloni at\u00eb te t\u00eb tjer\u00ebt. Mund ti d\u00ebmtoj\u00eb ata edhe pse simptomat e tyre mund t\u00eb jen\u00eb t\u00eb njejta me tuajat.<\/li>\n<li>N\u00ebse ndonj\u00eb nga efektet an\u00ebsore b\u00ebhet serioz ose n\u00ebse vini re ndonj\u00eb efekt an\u00ebsor t\u00eb pap\u00ebrmendur n\u00eb k\u00ebt\u00eb flet\u00eb-udh\u00ebzues ju lutemi tregojini mjekut ose farmacistit tuaj.<\/li>\n<\/ul>\n<h4><b>N\u00eb k\u00ebt\u00eb flet\u00eb-udh\u00ebzues:<\/b><\/h4>\n<ol class=\"swift-in-viewport\">\n<li>\u00c7far\u00eb \u00ebsht\u00eb Rapidol\u00ae S dhe p\u00ebr \u00e7far\u00eb p\u00ebrdoret<\/li>\n<li>Para se t\u00eb p\u00ebrdorni Rapidol\u00ae S<\/li>\n<li>Si ta p\u00ebrdorni Rapidol\u00ae S<\/li>\n<li>Efekte an\u00ebsore t\u00eb mundshme<\/li>\n<li>Si ta mbani Rapidol\u00ae S<\/li>\n<li>Informacion i m\u00ebtejsh\u00ebm<\/li>\n<\/ol>\n<h4><b>1. \u00c7far\u00eb \u00ebsht\u00eb Rapidol\u00ae S dhe p\u00ebr \u00e7far\u00eb p\u00ebrdoret?<\/b><\/h4>\n<p class=\"swift-in-viewport\"><strong>Rapidol\u00ae S<\/strong>\u00a0p\u00ebrdoret p\u00ebr t\u00eb qet\u00ebsuar dhimbjen dhe inflamacionin n\u00eb gjendje si:<\/p>\n<ul class=\"swift-in-viewport\">\n<li>Osteoartrit;<\/li>\n<li>Artrit rheumatoid (infalamacion i ky\u00e7eve) (p\u00ebrfshir\u00eb dhe artritin juvenil ose s\u00ebmundjen Still);<\/li>\n<li>Spondilit angylozant (ngurt\u00ebsim dhe inflamacion i rruazave t\u00eb shtyll\u00ebs kurrizore);<\/li>\n<li>Ky\u00e7e t\u00eb enjtura;<\/li>\n<li>\u201cshpatulla t\u00eb ngrira\u201d (ngurt\u00ebsim dhe dhimbje n\u00eb shpatulla);<\/li>\n<li>Bursit (inflamacion i burs\u00ebs);<\/li>\n<li>Tendinit (inflamacion i tendinave);<\/li>\n<li>Tendosinovit (inflamacion i mbules\u00ebs s\u00eb tendinit);<\/li>\n<li>Dhimbje e pjes\u00ebs s\u00eb poshtme t\u00eb kurrizit;<\/li>\n<li>Ndrydhje dhe t\u00ebrheqje muskulore<a href=\"https:\/\/www.farma-city.al\/produktet\/rapidol-s-ibuprofen-400mg\/\">.<\/a><\/li>\n<\/ul>\n<p class=\"swift-in-viewport\"><b>Rapidol\u00ae S\u00a0<\/b>mund t\u00eb p\u00ebrdoret p\u00ebr t\u00eb trajtuar dhe gjendje t\u00eb tjera si:<\/p>\n<ul class=\"swift-in-viewport\">\n<li>Dhimbje dh\u00ebmbi,<\/li>\n<li>Dhimbje pas operacionit,<\/li>\n<li>Dhimbje t\u00eb ciklit menstrual,<\/li>\n<li>Dhimbje koke p\u00ebrfshir\u00eb dhe migren\u00ebn.<\/li>\n<\/ul>\n<h4><b>2. Para se t\u00eb p\u00ebrdorni Rapidol\u00ae S<\/b><\/h4>\n<p class=\"swift-in-viewport\">N\u00ebse nuk jeni i sigurt se ky produkt \u00ebsht\u00eb i p\u00ebrshtatshme p\u00ebr ju, flisni me mjekun tuaj para se ta p\u00ebrdorni k\u00ebt\u00eb produkt mjek\u00ebsor.<\/p>\n<p class=\"swift-in-viewport\"><b>Mos e p\u00ebrdorni Rapidol\u00ae S:<\/b><\/p>\n<ul class=\"swift-in-viewport\">\n<li>N\u00ebse jeni alergjik ndaj ibuprofenit ose ndaj ndonj\u00eb prej p\u00ebrb\u00ebr\u00ebsve t\u00eb tjere.<\/li>\n<li>N\u00ebse keni ose keni pasur m\u00eb par\u00eb ul\u00e7er t\u00eb stomakut ose probleme t\u00eb tjera gastrike.<\/li>\n<li>N\u00ebse vuani nga astma ose n\u00ebse keni pasur reaksion alergjik apo astmatik pas p\u00ebrdorimit t\u00eb ibuprofenit, aspirin\u00ebs ose barnave t\u00eb tjera anti-inflamatore josteroidale.<\/li>\n<li>N\u00ebse vuani nga s\u00ebmundje t\u00eb r\u00ebnda t\u00eb m\u00ebl\u00e7is\u00eb, veshkave ose zemr\u00ebs.<\/li>\n<li>Gjat\u00eb tremujorit t\u00eb fundit t\u00eb shtatzanis\u00eb.<\/li>\n<\/ul>\n<p class=\"swift-in-viewport\"><b>B\u00ebni kujdes t\u00eb ve\u00e7ant\u00eb me Rapidol\u00ae S:<\/b><\/p>\n<p class=\"swift-in-viewport\">Tregojini mjekut tuaj n\u00ebse jeni duke marr\u00eb barna t\u00eb tjera, n\u00ebse vuani nga s\u00ebmundje kronike, \u00e7rregullime metabolike, keni mbindjeshm\u00ebri ndaj disa bamave ose keni pasur reaksione alergjike.<\/p>\n<p class=\"swift-in-viewport\"><b>Tregojini mjekut tuaj:<\/b><\/p>\n<ul class=\"swift-in-viewport\">\n<li>N\u00ebse vuani nga s\u00ebmundje t\u00eb m\u00ebl\u00e7is\u00eb, veshkave ose zemr\u00ebs. Barna si ibuprofeni mund t\u00eb bashk\u00eb-lidhen me rritjen e rrezikut p\u00ebr atake t\u00eb zemr\u00ebs (infarkt miokardi) ose goditje. \u00c7do rrezik \u00ebsht\u00eb m\u00eb i lart\u00eb p\u00ebr doza t\u00eb m\u00ebdha dhe p\u00ebr trajtime t\u00eb zgjatura n\u00eb koh\u00eb. Mos e kaloni doz\u00ebn e rekomanduar ose koh\u00ebzgjatjen e trajtimit. N\u00ebse keni probleme me zemr\u00ebn, atake t\u00eb m\u00ebparshme ose mendoni se mund t\u00eb jeni n\u00eb rrezik p\u00ebr gjendje t\u00eb tilla (p\u00ebr shembull keni presion t\u00eb lart\u00eb gjaku, diabet, kolesterol t\u00eb lart\u00eb ose jeni duhan pires) ju duhet t\u00eb diskutoni trajtimin tuaj me mjekun ose farmacistin.<\/li>\n<li>N\u00ebse keni ose keni pasur m\u00eb par\u00eb ndonj\u00eb s\u00ebmundje digjestive.<\/li>\n<li>Vuani nga presioni i lart\u00eb i gjakut .<\/li>\n<li>Keni astm\u00eb bronkiale .<\/li>\n<li>Jeni shtatzan\u00eb ose po planifikoni t\u00eb ngeleni shtatzan\u00eb.<\/li>\n<\/ul>\n<p class=\"swift-in-viewport\"><b>P\u00ebrdorimi i barnave t\u00eb tjera<\/b><\/p>\n<p class=\"swift-in-viewport\">Kini parasysh se kjo i referohet edhe barnave q\u00eb nuk po i p\u00ebrdorni m\u00eb, \u00a0si dhe bamave q\u00eb po planifikoni t\u00eb p\u00ebrdorni.<br \/>\nJu lutemi tregojini mjekut ose farmacistit tuaj n\u00ebse po p\u00ebrdorni ose keni p\u00ebrdorur s\u00eb fundmi ndonj\u00eb bar tjet\u00ebr p\u00ebrfshir\u00eb dhe ato q\u00eb merren pa recet\u00ebn e mjekut.<\/p>\n<p class=\"swift-in-viewport\"><b>Tregojini mjekut ose farmacistit tuaj n\u00ebse po p\u00ebrdorni ndonj\u00eb bar nga t\u00eb posht\u00eb sh\u00ebnuarit:<\/b><\/p>\n<ul class=\"swift-in-viewport\">\n<li>Diuretik\u00ebt;<\/li>\n<li>tableta p\u00ebr presionin e latt\u00eb t\u00eb gjakut ;<\/li>\n<li>barna si varfarina, p\u00ebr t\u00eb parandaluar mpiksjen e gjakut ;<\/li>\n<li>glikozide kardiake si digoksina (e p\u00ebrdorur p\u00ebr t\u00eb trajtuar s\u00ebmundje t\u00eb zemr\u00ebs), litium (e p\u00ebrdorur p\u00ebr t\u00eb trajtuar depresionin), metotreksat ose ciklosporin ose takrolimus (t\u00eb p\u00ebrdorura p\u00ebr t\u00eb trajtuar s\u00ebmundjet autoimune ose p\u00ebr t\u00eb parandaluar flakjen e organit t\u00eb transplantuar), kortikosteroidet ;<\/li>\n<li>barna t\u00eb njohura si inhibitor\u00eb selektive t\u00eb serotonin reuptake (ISSR, t\u00eb p\u00ebrdorur p\u00ebr t\u00eb trajtuar depresioni) ;<\/li>\n<li>antibiotik\u00eb t\u00eb grupit t\u00eb kinoloneve (si ciprofloksacina) ;<\/li>\n<li>aminoglikozid\u00eb (tip antibiotiku) ;<\/li>\n<li>mifepristone (e p\u00ebrdorur p\u00ebr p\u00ebrfundimin mjek\u00ebsor t\u00eb shtatzanis\u00eb-n\u00ebse administrohet brenda 12 dit\u00ebve para ibuprofenit) ;<\/li>\n<li>ndonj\u00eb p\u00ebrgates\u00eb tjet\u00ebr me ibuprofen, si ato q\u00eb mund t\u00eb merren pa recet\u00eb nga mjeku;<\/li>\n<li>barna t\u00eb tjera anti inflamatore jo-steroidale;<\/li>\n<li>ekstrakte herbale: Ginkgo biloba mund t\u00eb rrite riskun p\u00ebr gjaknjedhje nga barnat anti-inflamatore jo steroidale.<\/li>\n<\/ul>\n<p class=\"swift-in-viewport\"><b>P\u00ebrdorimi i Rapidol<\/b><b>\u00ae S me ushqime dhe pije<\/b><br \/>\nRapidol\u00aeS mund t\u00eb merret me stomak bosh dhe t\u00eb pijet me nj\u00eb got\u00eb uj\u00eb.<br \/>\nMegjithat\u00eb, nj\u00eb num\u00ebr i vog\u00ebl njer\u00ebzish mund t\u00eb p\u00ebrjetojn\u00eb indigjestion t\u00eb leht\u00eb nga ibuprofeni.<br \/>\nN\u00ebse kjo ju ndodh, mund t\u00eb ndihmoj\u00eb n\u00ebse e merrni ibuprofenin me pak ushqim dhe pije.<\/p>\n<p class=\"swift-in-viewport\"><b>P\u00ebrdorimi i Rapidol\u00ae S gjat\u00eb shtatzanis\u00eb dhe ushqyerjes me gji<\/b><\/p>\n<p class=\"swift-in-viewport\"><b>Shtatzania<\/b><br \/>\nP\u00ebrdorimi i ibuprofenit nuk rekomandohet gjat\u00eb shtatzanis\u00eb me p\u00ebrjashtim kur vet\u00eb mjeku e konsideron p\u00ebrdormin t\u00eb nevojsh\u00ebm.<br \/>\nDuke patur parasysh efektet e njohura an\u00ebsore t\u00eb barnave anti-inflamatore jo steroidale mbi sistemin kardiovaskular t\u00eb fetusit, ibuprofeni nuk duhet t\u00eb p\u00ebrdoret gjat\u00eb tremujorit t\u00eb fundit t\u00eb shtatzanis\u00eb.<\/p>\n<p class=\"swift-in-viewport\"><b>Ushqyerja me gji<\/b><br \/>\nN\u00eb studimet e limituar, t\u00eb disponueshme deri tani, ibuprofeni \u00ebsht\u00eb par\u00eb t\u00eb jet\u00eb i pranish\u00ebm n\u00eb qum\u00ebshtin e gjirit n\u00eb p\u00ebrq\u00ebdrime shum\u00eb t\u00eb ulta.<br \/>\nMegjithat\u00eb, p\u00ebrdorimi i k\u00ebtij bah duhet t\u00eb shmanget gjat\u00eb ushqyerjes me gji.<\/p>\n<p class=\"swift-in-viewport\"><b>K\u00ebshillohuni me mjekun ose farmacistin tuaj para se t\u00eb p\u00ebrdorni ndonj\u00eb bar.<\/b><\/p>\n<p class=\"swift-in-viewport\"><b>Drejtimi dhe p\u00ebrdorimi i makin\u00ebs<\/b><br \/>\nPa ndikim ose me ndikim t\u00eb pap\u00ebrfillsh\u00ebm.<\/p>\n<p class=\"swift-in-viewport\"><b>Informacion i r\u00ebnd\u00ebsish\u00ebm rreth disa prej p\u00ebrb\u00ebr\u00ebsve t\u00eb Rapidol\u00ae S<\/b><br \/>\nRapidol\u00aeS kapsula xhelationore t\u00eb buta p\u00ebrban sorbitol si l\u00ebnd\u00eb ndihm\u00ebse.<br \/>\nN\u00ebse mjeku juaj u ka th\u00ebn\u00eb se keni intoleranc\u00eb ndaj disa sheqernave, kontaktoni me t\u00eb para se t\u00eb p\u00ebrdorni k\u00ebt\u00eb produkt mjek\u00ebsor.<\/p>\n<p class=\"swift-in-viewport\"><b>3. Si ta p\u00ebrdorni Rapidol\u00ae S<\/b><br \/>\nNdiqni udh\u00ebzimet e mjekut tuaj p\u00ebr koh\u00ebn dhe m\u00ebnyr\u00ebn si ti p\u00ebrdomi kapsulat tuaja.<br \/>\nLexoni flet\u00eb-udh\u00ebzuesin.<\/p>\n<p class=\"swift-in-viewport\"><b>T\u00eb rriturit:<\/b><br \/>\nDoza ditore e zakonshme \u00ebsht\u00eb 600 mg deri 1800 mg e shp\u00ebmdar\u00eb gjat\u00eb gjith\u00eb dit\u00ebs.<br \/>\nMjeku juaj mund t\u00eb vendos\u00eb ta rrit\u00eb doz\u00ebn n\u00eb var\u00ebsi t\u00eb simptomave tuaja, por kjo nuk duhet t\u00eb kaloj\u00eb 2400 mg t\u00eb marra \u00e7do dit\u00eb.<\/p>\n<p class=\"swift-in-viewport\"><b>F\u00ebmij\u00ebt:<\/b><br \/>\nDoza ditore e zakonshme \u00ebsht\u00eb 20 mg p\u00ebr kg pesh\u00eb trupore.<br \/>\nIbuprofen nuk duhet t\u00eb p\u00ebrdoret nga f\u00ebmij\u00eb me pesh\u00eb trupore m\u00eb pak se 7 kg.<br \/>\nN\u00eb artritin rheumatoid juvenil, doza ditore mund t\u00eb rritet deri 40 mg\/kg pesh\u00eb trupore e ndar\u00eb n\u00eb disa doza.<\/p>\n<p class=\"swift-in-viewport\"><b>N\u00ebse merrni m\u00eb tep\u00ebr se\u00e7 duhet Rapidol&gt;\u00ae S:<\/b><\/p>\n<p class=\"swift-in-viewport\">N\u00ebse mermi m\u00eb tep\u00ebr se\u00e7 duhet Rapidol\u00ae\u00a0S, kontaktoni menj\u00ebher\u00eb me mjekun ose farmacistin tuaj!<br \/>\nShenjat e mbidozimit p\u00ebrfshijn\u00eb nauz\u00eb t\u00eb vjella, merrje mendsh, dhe humbje nd\u00ebrgjegjeje.<\/p>\n<p class=\"swift-in-viewport\"><b>N\u00ebse harroni t\u00eb merrni Rapidol\u00ae S:<\/b><br \/>\nN\u00ebse harroni t\u00eb merrni nj\u00eb doz\u00eb Rapidol\u00ae S, merreni at\u00eb sapo t\u00eb kujtoheni me p\u00ebrjashtim kur \u00ebsht\u00eb pothuajse koha p\u00ebr doz\u00ebn tjet\u00ebr.<br \/>\nN\u00ebse \u00ebsht\u00eb k\u00ebshtu, mos e merrni fare doz\u00ebn e harruar.<br \/>\nAsnj\u00ebhere mos e dyfishoni doz\u00ebn p\u00ebr t\u00eb z\u00ebvend\u00ebsur at\u00eb q\u00eb keni harruar.<\/p>\n<p class=\"swift-in-viewport\"><b>N\u00ebse e nd\u00ebrprisni p\u00ebrdorimin e Rapidol\u00ae S:<\/b><br \/>\nMos e nd\u00ebrprisni p\u00ebrdorimin e kapsulave vet\u00ebm sepse ndiheni m\u00eb mir\u00eb.<br \/>\nN\u00ebse ndaloni s\u00eb marri kapsulat m\u00eb shpejt se\u00e7 duhet, gjendja juaj mund t\u00eb p\u00ebrkeq\u00ebsohet.<br \/>\nN\u00ebse keni pyetje t\u00eb m\u00ebtejshme rreth p\u00ebrdorimit t\u00eb k\u00ebtij bari, pyesni mjekun ose farmacistin tuaj.<\/p>\n<p class=\"swift-in-viewport\"><b>4. Efektet an\u00ebsore t\u00eb mundshme<\/b><\/p>\n<p class=\"swift-in-viewport\">Si t\u00eb gjitha barnat, Rapidol\u00ae S mund t\u00eb shkaktoj\u00eb efekte an\u00ebsore.<br \/>\nEksperienca e shum\u00eb viteve ka treguar se problemet me ibuprofen jan\u00eb t\u00eb rralla.<\/p>\n<p class=\"swift-in-viewport\"><b>N\u00ebse shfaqen efekte an\u00ebsore, ato zakonisht jan\u00eb t\u00eb lehta, por n\u00ebse p\u00ebrjetoni ndonj\u00eb nga efektet e sh\u00ebnuara m\u00eb posht\u00eb nd\u00ebrprisni p\u00ebrdorimin dhe flisni me mjekun tuaj:<\/b><\/p>\n<ul class=\"swift-in-viewport\">\n<li>Dhimbje stomaku e pashpjeguar, mostretje, ndjesi e t\u00eb q\u00ebnit s\u00ebmur\u00eb dhe\/ose t\u00eb vjella;<\/li>\n<li>Ndonj\u00eb shenje gjakrrjedhje nga stomaku ose zorr\u00ebt (t\u00eb vjella me gjak dhe\/ose jasht\u00ebqitje t\u00eb err\u00ebta);<\/li>\n<li>Kriza t\u00eb pashpjegueshme astme, v\u00ebshtir\u00ebsi n\u00eb frym\u00ebmarrje, rash n\u00eb l\u00ebkur\u00eb, t\u00eb kruara ose t\u00eb nxira;<\/li>\n<li>Zverdhje t\u00eb syve dhe\/ose l\u00ebkur\u00ebs;<\/li>\n<li>Dhimbje fyti e fort\u00eb me temperatur\u00eb t\u00eb lart\u00eb;<\/li>\n<li>Pamje e mjegulluar ose e \u00e7rregulluar. ose t\u00eb par\u00eb\/d\u00ebgjuar gj\u00ebra t\u00eb \u00e7uditshme;<\/li>\n<li>Mbajtje e l\u00ebngjeve, p.sh. ky\u00e7e t\u00eb enjtura.<\/li>\n<\/ul>\n<p class=\"swift-in-viewport\">Barna si ibuprofeni mund t\u00eb bashk\u00eblidhen me nj\u00eb rritje t\u00eb leht\u00eb t\u00eb rrezikut p\u00ebr atake t\u00eb zemr\u00ebs (infark t\u00eb miokardit) ose goditje.<br \/>\nRrall\u00eb, nga ibuprofeni mund t\u00eb shfaqen ndryshime n\u00eb formul\u00ebn e gjakut ose probleme me veshkat.<br \/>\nMeningiti aseptik \u00ebsht\u00eb v\u00ebn\u00eb re n\u00eb raste t\u00eb rralla te pacient\u00ebt me terapi ibuprofeni (inflamacion i cip\u00ebs s\u00eb trurit).<br \/>\nEfekte t\u00eb tjera jo t\u00eb zakonshme mund t\u00eb p\u00ebrfshijn\u00eb dhimbje koke, halu\u00e7inacione, merrje mendsh, dridhje t\u00eb duarve dhe k\u00ebmb\u00ebve, tring\u00ebllima n\u00eb vesh, diarre, konstipacion, gazra, ndjeshm\u00ebri e papritur e l\u00ebkur\u00ebs nga dielli, lodhje, dob\u00ebsi, l\u00ebkundje t\u00eb humorit, depresion dhe konfuzion.<br \/>\nN\u00ebse ndonj\u00eb nga k\u00ebto shenja b\u00ebhet m\u00eb problematike ose zgjat p\u00ebr disa dit\u00eb, tregojini mjekut tuaj. Gjithashtu, p\u00ebrkeq\u00ebsimi i kolitit dhe s\u00ebmundjes Crohn \u00ebsht\u00eb raportuar pas p\u00ebrdorimit t\u00eb ibuprofen.<\/p>\n<p class=\"swift-in-viewport\"><b>N\u00ebse ndonj\u00eb nga efektet an\u00ebsore b\u00ebhet serioze ose n\u00ebse vini re ndonj\u00eb efekt t\u00eb pa p\u00ebrmendur n\u00eb k\u00ebt\u00eb flet\u00eb-udh\u00ebzues, ju lutemi tregojini mjekut ose farmacistit tuaj.<\/b><\/p>\n<p class=\"swift-in-viewport\"><b>5. Si ta mbani Rapidol\u00ae S<\/b><\/p>\n<p class=\"swift-in-viewport\"><b>Vlefshm\u00ebria<\/b><br \/>\n2 vjet.<br \/>\nMos e p\u00ebrdorni barin pas dat\u00ebs s\u00eb skadenc\u00ebs t\u00eb sh\u00ebnuar kuti.<\/p>\n<p class=\"swift-in-viewport\"><b>Ruajtja<\/b><br \/>\nMos e mbani n\u00eb temperatur\u00eb mbi 25\u00b0C.<br \/>\nMbajeni larg f\u00ebmij\u00ebve!<\/p>\n<p class=\"swift-in-viewport\"><b>6. Informacion i m\u00ebtejsh\u00ebm<\/b><\/p>\n<p class=\"swift-in-viewport\">\u00c7far\u00eb p\u00ebrmban Rapidol\u00ae S<\/p>\n<p class=\"swift-in-viewport\"><b>L\u00ebnda vepruese: ibuprofen.<\/b><br \/>\n\u00c7do kapsul\u00eb xhelatinore e but\u00eb p\u00ebrmban 400 mg ibuprofen.<\/p>\n<p class=\"swift-in-viewport\"><b>P\u00ebrb\u00ebr\u00ebs t\u00eb tjer\u00eb:<\/b>\u00a0Makrogol 600; hidroksid kaliumi; uj\u00eb i purifikuar.<\/p>\n<p class=\"swift-in-viewport\"><b>Mb\u00ebshtjellesja e kapsul\u00ebs:<\/b>\u00a0xhelatin; sorbitol i l\u00ebngsh\u00ebm, pjes\u00ebrisht i dehidruar; uj\u00eb i purifikuar.<\/p>\n<p class=\"swift-in-viewport\">Boja printuese \u201cOpacode WB e zeze NS-78-17821\u201d: oksid hekuri III, i zi; propilen glikol, alkool isopropil, hipromeloz\u00eb; uj\u00eb i purifikuar.<\/p>\n<p class=\"swift-in-viewport\"><b>\u00c7far\u00eb pamje ka Rapidol\u00ae S dhe p\u00ebrmbajtja e paketimit.<\/b><\/p>\n<p class=\"swift-in-viewport\"><b>Forma farmaceutike<\/b><br \/>\nKapsul\u00eb, e but\u00eb.<br \/>\nKapsul\u00eb xhelatinore ovale, e kthjell\u00ebt, e but\u00eb, leht\u00ebsisht e verdh\u00eb me t\u00eb shkruar \u201c1400\u201d me t\u00eb zez\u00eb.<\/p>\n","protected":false},"featured_media":2596,"comment_status":"open","ping_status":"closed","template":"","meta":[],"product_cat":[373,86],"product_tag":[],"jetpack_sharing_enabled":true,"_links":{"self":[{"href":"https:\/\/farmacibela.com\/index.php\/wp-json\/wp\/v2\/product\/2584"}],"collection":[{"href":"https:\/\/farmacibela.com\/index.php\/wp-json\/wp\/v2\/product"}],"about":[{"href":"https:\/\/farmacibela.com\/index.php\/wp-json\/wp\/v2\/types\/product"}],"replies":[{"embeddable":true,"href":"https:\/\/farmacibela.com\/index.php\/wp-json\/wp\/v2\/comments?post=2584"}],"version-history":[{"count":1,"href":"https:\/\/farmacibela.com\/index.php\/wp-json\/wp\/v2\/product\/2584\/revisions"}],"predecessor-version":[{"id":2585,"href":"https:\/\/farmacibela.com\/index.php\/wp-json\/wp\/v2\/product\/2584\/revisions\/2585"}],"wp:featuredmedia":[{"embeddable":true,"href":"https:\/\/farmacibela.com\/index.php\/wp-json\/wp\/v2\/media\/2596"}],"wp:attachment":[{"href":"https:\/\/farmacibela.com\/index.php\/wp-json\/wp\/v2\/media?parent=2584"}],"wp:term":[{"taxonomy":"product_cat","embeddable":true,"href":"https:\/\/farmacibela.com\/index.php\/wp-json\/wp\/v2\/product_cat?post=2584"},{"taxonomy":"product_tag","embeddable":true,"href":"https:\/\/farmacibela.com\/index.php\/wp-json\/wp\/v2\/product_tag?post=2584"}],"curies":[{"name":"wp","href":"https:\/\/api.w.org\/{rel}","templated":true}]}}