{"id":2581,"date":"2024-04-05T08:18:01","date_gmt":"2024-04-05T08:18:01","guid":{"rendered":"https:\/\/farmacibela.com\/?post_type=product&#038;p=2581"},"modified":"2024-04-05T08:18:01","modified_gmt":"2024-04-05T08:18:01","slug":"dermedic-baby-linum-ultra-rich-butter","status":"publish","type":"product","link":"https:\/\/farmacibela.com\/index.php\/product\/dermedic-baby-linum-ultra-rich-butter\/","title":{"rendered":"Dermedic \u2013 Baby Linum Ultra Rich Butter"},"content":{"rendered":"","protected":false},"excerpt":{"rendered":"<p class=\"swift-in-viewport\"><strong>Dermedic \u2013 Baby Linum Ultra Rich Butter<\/strong><\/p>\n<p class=\"swift-in-viewport\">Nj\u00eb formul\u00eb e pasur e kujdesit t\u00eb l\u00ebkur\u00ebs kushtuar l\u00ebkur\u00ebs s\u00eb ndjeshme t\u00eb foshnj\u00ebs, nga dita e 1-t\u00eb e jet\u00ebs.<\/p>\n<ul class=\"swift-in-viewport\">\n<li>Ushqen, hidraton dhe forcon l\u00ebkur\u00ebn delikate t\u00eb foshnj\u00ebs.<\/li>\n<li>Forcon lidhjet nd\u00ebrqelizore t\u00eb epiderm\u00ebs, rikthen mantelin e saj hidrolipid dhe mb\u00ebshtet funksionet e tij mbrojt\u00ebse.<\/li>\n<li>Qet\u00ebson dhe minimizon 6 simptoma t\u00eb l\u00ebkur\u00ebs kronike t\u00eb that\u00eb dhe atopike duke p\u00ebrfshir\u00eb kruarjen.<\/li>\n<li>Leht\u00ebson inflamacionin, acarimin dhe dermatitin me origjin\u00eb t\u00eb ndryshme.<\/li>\n<li>Minimizon simptomat e l\u00ebkur\u00ebs s\u00eb that\u00eb dhe AZS dhe rrezikun e p\u00ebrs\u00ebritjes.<\/li>\n<li>Testuar klinikisht<\/li>\n<\/ul>\n<h4>Udh\u00ebzime mbi p\u00ebrdorimin<\/h4>\n<p class=\"swift-in-viewport\">Vendosni nj\u00eb shtres\u00eb t\u00eb holl\u00eb t\u00eb produktit n\u00eb m\u00ebnyr\u00eb t\u00eb nj\u00ebtrajtshme n\u00eb l\u00ebkur\u00eb dhe l\u00ebreni t\u00eb p\u00ebrthithet. Gjithashtu i p\u00ebrshtatsh\u00ebm p\u00ebr kujdesin e l\u00ebkur\u00ebs s\u00eb fytyr\u00ebs dhe duarve. N\u00eb kushtet e p\u00ebrkeq\u00ebsimit t\u00eb simptomave t\u00eb that\u00ebsis\u00eb s\u00eb tep\u00ebrt t\u00eb l\u00ebkur\u00ebs, shtoni shtres\u00ebn e aplikimit.<\/p>\n","protected":false},"featured_media":2582,"comment_status":"open","ping_status":"closed","template":"","meta":[],"product_cat":[98,372,323],"product_tag":[],"jetpack_sharing_enabled":true,"_links":{"self":[{"href":"https:\/\/farmacibela.com\/index.php\/wp-json\/wp\/v2\/product\/2581"}],"collection":[{"href":"https:\/\/farmacibela.com\/index.php\/wp-json\/wp\/v2\/product"}],"about":[{"href":"https:\/\/farmacibela.com\/index.php\/wp-json\/wp\/v2\/types\/product"}],"replies":[{"embeddable":true,"href":"https:\/\/farmacibela.com\/index.php\/wp-json\/wp\/v2\/comments?post=2581"}],"version-history":[{"count":1,"href":"https:\/\/farmacibela.com\/index.php\/wp-json\/wp\/v2\/product\/2581\/revisions"}],"predecessor-version":[{"id":2583,"href":"https:\/\/farmacibela.com\/index.php\/wp-json\/wp\/v2\/product\/2581\/revisions\/2583"}],"wp:featuredmedia":[{"embeddable":true,"href":"https:\/\/farmacibela.com\/index.php\/wp-json\/wp\/v2\/media\/2582"}],"wp:attachment":[{"href":"https:\/\/farmacibela.com\/index.php\/wp-json\/wp\/v2\/media?parent=2581"}],"wp:term":[{"taxonomy":"product_cat","embeddable":true,"href":"https:\/\/farmacibela.com\/index.php\/wp-json\/wp\/v2\/product_cat?post=2581"},{"taxonomy":"product_tag","embeddable":true,"href":"https:\/\/farmacibela.com\/index.php\/wp-json\/wp\/v2\/product_tag?post=2581"}],"curies":[{"name":"wp","href":"https:\/\/api.w.org\/{rel}","templated":true}]}}