{"id":2578,"date":"2024-04-05T08:15:09","date_gmt":"2024-04-05T08:15:09","guid":{"rendered":"https:\/\/farmacibela.com\/?post_type=product&#038;p=2578"},"modified":"2024-04-05T08:15:09","modified_gmt":"2024-04-05T08:15:09","slug":"avene-hydrance-hydrating-aqua-cream-in-gel","status":"publish","type":"product","link":"https:\/\/farmacibela.com\/index.php\/product\/avene-hydrance-hydrating-aqua-cream-in-gel\/","title":{"rendered":"Avene \u2013 Hydrance Hydrating Aqua Cream-in-Gel"},"content":{"rendered":"","protected":false},"excerpt":{"rendered":"<p class=\"swift-in-viewport\"><strong>Avene \u2013 Hydrance Hydrating Aqua Cream-in-Gel<\/strong><\/p>\n<p class=\"swift-in-viewport\">Nj\u00eb trajtim gjith\u00ebp\u00ebrfshir\u00ebs i frym\u00ebzuar nga p\u00ebrgatitjet Aziatike, i formuluar n\u00eb Japoni dhe i prodhuar n\u00eb Franc\u00eb. Tekstura shum\u00eb e fresk\u00ebt aqua-gel i jep l\u00ebkur\u00ebs nj\u00eb ndjesi t\u00eb m\u00ebndafsht\u00eb. Ky xhel \u00ebsht\u00eb i indikuar p\u00ebr t\u00eb gjith\u00eb tipet e l\u00ebkurave t\u00eb ndjeshme t\u00eb dehidratuara.<\/p>\n<p class=\"swift-in-viewport\">Kjo p\u00ebrkujdesje e plot\u00eb hidraton, zbut dhe detoksifikon l\u00ebkur\u00ebn, n\u00eb nj\u00eb gjest t\u00eb vet\u00ebm fal\u00eb:<\/p>\n<ul class=\"swift-in-viewport\">\n<li>Kompleksit t\u00eb patentuar\u00a0<em>Cohederm<\/em>, i cili ofron hidratim intensiv<\/li>\n<li><em>Ujit Termal Avene<\/em>, kund\u00ebr irritimeve, i cili zbut menj\u00ebher\u00eb<\/li>\n<li>Kombinimi i\u00a0<em>Pre-Tocopheryl<\/em>\u00a0dhe\u00a0<em>Dextran Sulfate<\/em>, q\u00eb ndihmon n\u00eb luftimin e sulmit t\u00eb radikaleve t\u00eb lira.<\/li>\n<\/ul>\n<p class=\"swift-in-viewport\">Mund t\u00eb p\u00ebrdoret si:<\/p>\n<ul class=\"swift-in-viewport\">\n<li>Nj\u00eb p\u00ebrkujdesje ditore<\/li>\n<li>Mask\u00eb nate<\/li>\n<li>P\u00ebrkujdesje p\u00ebr konturin e syve<\/li>\n<\/ul>\n<h4><strong>Udh\u00ebzime mbi p\u00ebrdorimin<\/strong><\/h4>\n<p class=\"swift-in-viewport\">N\u00eb m\u00ebngjes aplikoni nj\u00eb shtres\u00eb t\u00eb holl\u00eb n\u00eb fytyr\u00eb, sy dhe qaf\u00eb. Masazhojeni derisa t\u00eb p\u00ebrthithet. N\u00eb dark\u00eb aplikoni nj\u00eb shtres\u00eb t\u00eb trash\u00eb dhe l\u00ebreni gjith\u00eb nat\u00ebn.<\/p>\n","protected":false},"featured_media":2579,"comment_status":"open","ping_status":"closed","template":"","meta":[],"product_cat":[77,105,106],"product_tag":[],"jetpack_sharing_enabled":true,"_links":{"self":[{"href":"https:\/\/farmacibela.com\/index.php\/wp-json\/wp\/v2\/product\/2578"}],"collection":[{"href":"https:\/\/farmacibela.com\/index.php\/wp-json\/wp\/v2\/product"}],"about":[{"href":"https:\/\/farmacibela.com\/index.php\/wp-json\/wp\/v2\/types\/product"}],"replies":[{"embeddable":true,"href":"https:\/\/farmacibela.com\/index.php\/wp-json\/wp\/v2\/comments?post=2578"}],"version-history":[{"count":1,"href":"https:\/\/farmacibela.com\/index.php\/wp-json\/wp\/v2\/product\/2578\/revisions"}],"predecessor-version":[{"id":2580,"href":"https:\/\/farmacibela.com\/index.php\/wp-json\/wp\/v2\/product\/2578\/revisions\/2580"}],"wp:featuredmedia":[{"embeddable":true,"href":"https:\/\/farmacibela.com\/index.php\/wp-json\/wp\/v2\/media\/2579"}],"wp:attachment":[{"href":"https:\/\/farmacibela.com\/index.php\/wp-json\/wp\/v2\/media?parent=2578"}],"wp:term":[{"taxonomy":"product_cat","embeddable":true,"href":"https:\/\/farmacibela.com\/index.php\/wp-json\/wp\/v2\/product_cat?post=2578"},{"taxonomy":"product_tag","embeddable":true,"href":"https:\/\/farmacibela.com\/index.php\/wp-json\/wp\/v2\/product_tag?post=2578"}],"curies":[{"name":"wp","href":"https:\/\/api.w.org\/{rel}","templated":true}]}}