{"id":2575,"date":"2024-04-05T08:13:03","date_gmt":"2024-04-05T08:13:03","guid":{"rendered":"https:\/\/farmacibela.com\/?post_type=product&#038;p=2575"},"modified":"2024-04-05T08:13:03","modified_gmt":"2024-04-05T08:13:03","slug":"frezyderm-sun-screen-krem-fytyre-me-ngjyre-velvet-spf-50","status":"publish","type":"product","link":"https:\/\/farmacibela.com\/index.php\/product\/frezyderm-sun-screen-krem-fytyre-me-ngjyre-velvet-spf-50\/","title":{"rendered":"Frezyderm \u2013 Sun Screen Krem fytyre me ngjyr\u00eb Velvet SPF 50+"},"content":{"rendered":"","protected":false},"excerpt":{"rendered":"<p class=\"swift-in-viewport\"><strong>Frezyderm \u2013 Sun Screen Krem fytyre me ngjyr\u00eb Velvet SPF 50+<\/strong><\/p>\n<p class=\"swift-in-viewport\">Kremi ofron mbrojtje shum\u00eb t\u00eb lart\u00eb nga dielli dhe nj\u00ebtrajt\u00ebson ngjyr\u00ebn e l\u00ebkur\u00ebs. Ngjyra mbulon imperfeksionet e lekur\u00ebs, shenjat dhe diskolorimet. Nd\u00ebrsa revolucioni\u00a0<em>Second Skin Technology<\/em>\u00a0krijon ndjesin\u00eb e nj\u00eb \u201cl\u00ebkure t\u00eb dyt\u00eb\u201d.L\u00ebkura \u00ebsht\u00eb e m\u00ebndafsht\u00eb, e matifikuar dhe zbut shfaqjen e rrudhave. Ky krem gjithashtu parandalon fotoplakjen e shkaktuar nga ekspozimi n\u00eb diell. Ngjyra e kremit p\u00ebrshtatet me t\u00eb gjitha tonet e l\u00ebkurave p\u00ebr t\u00eb ofruar mbulimin perfekt.<\/p>\n<ul class=\"swift-in-viewport\">\n<li>Mbulim i leht\u00eb dhe diskret<\/li>\n<li>Ndjesi e m\u00ebndafsht\u00eb<\/li>\n<li>L\u00ebkura \u00ebsht\u00eb e matifikuar p\u00ebr 6 or\u00eb, absorbon yndyr\u00ebn<\/li>\n<li>Zbut pamjen e rrudhave<\/li>\n<li>Rezistent ndaj ujit<\/li>\n<li>Tekstur\u00eb jo e yndyrshme<\/li>\n<li>E testuar dermatologjikisht<\/li>\n<li>Pa paraben dhe parfum<\/li>\n<\/ul>\n<h4>Udh\u00ebzime mbi p\u00ebrdorimin<\/h4>\n<p class=\"swift-in-viewport\">Aplikoni rregullisht n\u00eb t\u00eb gjitha zonat e ekspozuara 20-30 minuta para ekspozimit n\u00eb diell. Rip\u00ebrdoreni cdo dy or\u00eb dhe menj\u00ebher\u00eb pas notit ose fshirjes me peshqir.<\/p>\n<p class=\"swift-in-viewport\"><strong>Kujdes!<\/strong>\u00a0Produkti funksionon me vakum. Vet\u00ebm n\u00eb aplikimin e par\u00eb mund t\u00eb ket\u00eb nevoj\u00eb p\u00ebr disa shtypje t\u00eb pomp\u00ebs. Mos e hapni tap\u00ebn pasi prishet sistemi i vakumit dhe m\u00eb pas pompa nuk punon m\u00eb.<\/p>\n","protected":false},"featured_media":2576,"comment_status":"open","ping_status":"closed","template":"","meta":[],"product_cat":[77,105,106],"product_tag":[],"jetpack_sharing_enabled":true,"_links":{"self":[{"href":"https:\/\/farmacibela.com\/index.php\/wp-json\/wp\/v2\/product\/2575"}],"collection":[{"href":"https:\/\/farmacibela.com\/index.php\/wp-json\/wp\/v2\/product"}],"about":[{"href":"https:\/\/farmacibela.com\/index.php\/wp-json\/wp\/v2\/types\/product"}],"replies":[{"embeddable":true,"href":"https:\/\/farmacibela.com\/index.php\/wp-json\/wp\/v2\/comments?post=2575"}],"version-history":[{"count":1,"href":"https:\/\/farmacibela.com\/index.php\/wp-json\/wp\/v2\/product\/2575\/revisions"}],"predecessor-version":[{"id":2577,"href":"https:\/\/farmacibela.com\/index.php\/wp-json\/wp\/v2\/product\/2575\/revisions\/2577"}],"wp:featuredmedia":[{"embeddable":true,"href":"https:\/\/farmacibela.com\/index.php\/wp-json\/wp\/v2\/media\/2576"}],"wp:attachment":[{"href":"https:\/\/farmacibela.com\/index.php\/wp-json\/wp\/v2\/media?parent=2575"}],"wp:term":[{"taxonomy":"product_cat","embeddable":true,"href":"https:\/\/farmacibela.com\/index.php\/wp-json\/wp\/v2\/product_cat?post=2575"},{"taxonomy":"product_tag","embeddable":true,"href":"https:\/\/farmacibela.com\/index.php\/wp-json\/wp\/v2\/product_tag?post=2575"}],"curies":[{"name":"wp","href":"https:\/\/api.w.org\/{rel}","templated":true}]}}