{"id":2556,"date":"2024-03-12T10:37:48","date_gmt":"2024-03-12T10:37:48","guid":{"rendered":"https:\/\/farmacibela.com\/?post_type=product&#038;p=2556"},"modified":"2024-04-05T07:56:27","modified_gmt":"2024-04-05T07:56:27","slug":"xhel-pastrues-me-avokado","status":"publish","type":"product","link":"https:\/\/farmacibela.com\/index.php\/product\/xhel-pastrues-me-avokado\/","title":{"rendered":"Xhel pastrues me avokado"},"content":{"rendered":"","protected":false},"excerpt":{"rendered":"<div class=\"product-view__info\">\n<div class=\"product-view__info-content\">\n<div class=\"clearfix text-formatted field--name-body field--type-text-with-summary field--label-hidden field__item\">\n<p>Ky xhel pastrues i but\u00eb p\u00ebr f\u00ebmij\u00eb pastron fytyr\u00ebn, trupin dhe flok\u00ebt e t\u00eb porsalindurve dhe f\u00ebmij\u00ebve.<\/p>\n<p>Formula e tij e but\u00eb me avokado mbron dhe respekton l\u00ebkur\u00ebn e f\u00ebmij\u00ebve dhe mund t\u00eb p\u00ebrdoret \u00e7do dit\u00eb, q\u00eb nga lindja*.<br \/>\nMe toleranc\u00eb t\u00eb lart\u00eb, qet\u00ebson dhe kompenson efektet e tharjes s\u00eb larjes.<br \/>\n<em>*F\u00ebmij\u00ebt jasht\u00eb NICU<\/em><\/p>\n<\/div>\n<\/div>\n<\/div>\n<div class=\"product-view__sponsors\">\n<p>&nbsp;<\/p>\n<div class=\"field--name-field-capacity field--type-string field--label-hidden field__item\">Shishe pompe 750ml, 500ml.\u00a0Tub 200 ml<\/div>\n<\/div>\n","protected":false},"featured_media":2557,"comment_status":"open","ping_status":"closed","template":"","meta":[],"product_cat":[98,338,321],"product_tag":[],"jetpack_sharing_enabled":true,"_links":{"self":[{"href":"https:\/\/farmacibela.com\/index.php\/wp-json\/wp\/v2\/product\/2556"}],"collection":[{"href":"https:\/\/farmacibela.com\/index.php\/wp-json\/wp\/v2\/product"}],"about":[{"href":"https:\/\/farmacibela.com\/index.php\/wp-json\/wp\/v2\/types\/product"}],"replies":[{"embeddable":true,"href":"https:\/\/farmacibela.com\/index.php\/wp-json\/wp\/v2\/comments?post=2556"}],"version-history":[{"count":3,"href":"https:\/\/farmacibela.com\/index.php\/wp-json\/wp\/v2\/product\/2556\/revisions"}],"predecessor-version":[{"id":2574,"href":"https:\/\/farmacibela.com\/index.php\/wp-json\/wp\/v2\/product\/2556\/revisions\/2574"}],"wp:featuredmedia":[{"embeddable":true,"href":"https:\/\/farmacibela.com\/index.php\/wp-json\/wp\/v2\/media\/2557"}],"wp:attachment":[{"href":"https:\/\/farmacibela.com\/index.php\/wp-json\/wp\/v2\/media?parent=2556"}],"wp:term":[{"taxonomy":"product_cat","embeddable":true,"href":"https:\/\/farmacibela.com\/index.php\/wp-json\/wp\/v2\/product_cat?post=2556"},{"taxonomy":"product_tag","embeddable":true,"href":"https:\/\/farmacibela.com\/index.php\/wp-json\/wp\/v2\/product_tag?post=2556"}],"curies":[{"name":"wp","href":"https:\/\/api.w.org\/{rel}","templated":true}]}}