{"id":2553,"date":"2024-03-12T10:34:54","date_gmt":"2024-03-12T10:34:54","guid":{"rendered":"https:\/\/farmacibela.com\/?post_type=product&#038;p=2553"},"modified":"2024-03-12T10:34:54","modified_gmt":"2024-03-12T10:34:54","slug":"peceta-pastruese-me-avokado","status":"publish","type":"product","link":"https:\/\/farmacibela.com\/index.php\/product\/peceta-pastruese-me-avokado\/","title":{"rendered":"Peceta pastruese me avokado"},"content":{"rendered":"","protected":false},"excerpt":{"rendered":"<div class=\"product-view__info\">\n<div class=\"product-view__info-content\">\n<div class=\"clearfix text-formatted field--name-body field--type-text-with-summary field--label-hidden field__item\">\n<p><span>Pecetat tona pastrues me avokado pastrojn\u00eb but\u00ebsisht dhe n\u00eb m\u00ebnyr\u00eb efektive l\u00ebkur\u00ebn e foshnj\u00ebs: fytyr\u00ebn, duart dhe zon\u00ebn e pelenave &#8211; duke e l\u00ebn\u00eb at\u00eb t\u00eb but\u00eb dhe t\u00eb hidratuar.\u00a0<\/span><\/p>\n<p><span>Me 97% p\u00ebrb\u00ebr\u00ebs me origjin\u00eb natyrale, k\u00ebto peceta delikate mund t\u00eb p\u00ebrdoren edhe tek t\u00eb porsalindurit*.<\/span><br \/>\n<em><span>*F\u00ebmij\u00ebt jasht\u00eb NICU<\/span><\/em><\/p>\n<\/div>\n<\/div>\n<\/div>\n<div class=\"product-view__sponsors\">\n<p>&nbsp;<\/p>\n<div class=\"field--name-field-capacity field--type-string field--label-hidden field__item\"><span>Pako me 25 ose 70 peceta<\/span><\/div>\n<\/div>\n","protected":false},"featured_media":2554,"comment_status":"open","ping_status":"closed","template":"","meta":[],"product_cat":[334,98,321],"product_tag":[],"jetpack_sharing_enabled":true,"_links":{"self":[{"href":"https:\/\/farmacibela.com\/index.php\/wp-json\/wp\/v2\/product\/2553"}],"collection":[{"href":"https:\/\/farmacibela.com\/index.php\/wp-json\/wp\/v2\/product"}],"about":[{"href":"https:\/\/farmacibela.com\/index.php\/wp-json\/wp\/v2\/types\/product"}],"replies":[{"embeddable":true,"href":"https:\/\/farmacibela.com\/index.php\/wp-json\/wp\/v2\/comments?post=2553"}],"version-history":[{"count":1,"href":"https:\/\/farmacibela.com\/index.php\/wp-json\/wp\/v2\/product\/2553\/revisions"}],"predecessor-version":[{"id":2555,"href":"https:\/\/farmacibela.com\/index.php\/wp-json\/wp\/v2\/product\/2553\/revisions\/2555"}],"wp:featuredmedia":[{"embeddable":true,"href":"https:\/\/farmacibela.com\/index.php\/wp-json\/wp\/v2\/media\/2554"}],"wp:attachment":[{"href":"https:\/\/farmacibela.com\/index.php\/wp-json\/wp\/v2\/media?parent=2553"}],"wp:term":[{"taxonomy":"product_cat","embeddable":true,"href":"https:\/\/farmacibela.com\/index.php\/wp-json\/wp\/v2\/product_cat?post=2553"},{"taxonomy":"product_tag","embeddable":true,"href":"https:\/\/farmacibela.com\/index.php\/wp-json\/wp\/v2\/product_tag?post=2553"}],"curies":[{"name":"wp","href":"https:\/\/api.w.org\/{rel}","templated":true}]}}