{"id":2547,"date":"2024-03-12T10:31:15","date_gmt":"2024-03-12T10:31:15","guid":{"rendered":"https:\/\/farmacibela.com\/?post_type=product&#038;p=2547"},"modified":"2024-04-05T07:55:54","modified_gmt":"2024-04-05T07:55:54","slug":"krem-vitaminash","status":"publish","type":"product","link":"https:\/\/farmacibela.com\/index.php\/product\/krem-vitaminash\/","title":{"rendered":"Krem vitaminash"},"content":{"rendered":"","protected":false},"excerpt":{"rendered":"<p>Kremi yn\u00eb barrier 123 Vitamina kujdeset plot\u00ebsisht p\u00ebr pjes\u00ebn e poshtme t\u00eb foshnj\u00ebs pas \u00e7do nd\u00ebrrimi t\u00eb pelenave &#8211; madje edhe t\u00eb porsalindurve*.<\/p>\n<p>Veprimi i tij \u00ebsht\u00eb i trefisht\u00eb:<\/p>\n<p>1. parandalon skuqjen n\u00eb zon\u00ebn e pelen\u00ebs<\/p>\n<p>2. qet\u00ebson l\u00ebkur\u00ebn e bebes<\/p>\n<p>3. riparon l\u00ebkur\u00ebn e foshnj\u00ebs n\u00eb m\u00ebnyr\u00eb t\u00eb q\u00ebndrueshme<\/p>\n<p>Leht\u00eb p\u00ebr t&#8217;u aplikuar dhe p\u00ebr t&#8217;u pastruar.<\/p>\n<p>&nbsp;<\/p>\n<p>*F\u00ebmij\u00ebt jasht\u00eb NICU<\/p>\n<p>Tubete 50 ml, 100 ml dhe 150 ml<\/p>\n","protected":false},"featured_media":2549,"comment_status":"open","ping_status":"closed","template":"","meta":[],"product_cat":[98,372,323],"product_tag":[],"jetpack_sharing_enabled":true,"_links":{"self":[{"href":"https:\/\/farmacibela.com\/index.php\/wp-json\/wp\/v2\/product\/2547"}],"collection":[{"href":"https:\/\/farmacibela.com\/index.php\/wp-json\/wp\/v2\/product"}],"about":[{"href":"https:\/\/farmacibela.com\/index.php\/wp-json\/wp\/v2\/types\/product"}],"replies":[{"embeddable":true,"href":"https:\/\/farmacibela.com\/index.php\/wp-json\/wp\/v2\/comments?post=2547"}],"version-history":[{"count":3,"href":"https:\/\/farmacibela.com\/index.php\/wp-json\/wp\/v2\/product\/2547\/revisions"}],"predecessor-version":[{"id":2573,"href":"https:\/\/farmacibela.com\/index.php\/wp-json\/wp\/v2\/product\/2547\/revisions\/2573"}],"wp:featuredmedia":[{"embeddable":true,"href":"https:\/\/farmacibela.com\/index.php\/wp-json\/wp\/v2\/media\/2549"}],"wp:attachment":[{"href":"https:\/\/farmacibela.com\/index.php\/wp-json\/wp\/v2\/media?parent=2547"}],"wp:term":[{"taxonomy":"product_cat","embeddable":true,"href":"https:\/\/farmacibela.com\/index.php\/wp-json\/wp\/v2\/product_cat?post=2547"},{"taxonomy":"product_tag","embeddable":true,"href":"https:\/\/farmacibela.com\/index.php\/wp-json\/wp\/v2\/product_tag?post=2547"}],"curies":[{"name":"wp","href":"https:\/\/api.w.org\/{rel}","templated":true}]}}