{"id":2533,"date":"2024-03-12T10:22:36","date_gmt":"2024-03-12T10:22:36","guid":{"rendered":"https:\/\/farmacibela.com\/?post_type=product&#038;p=2533"},"modified":"2024-03-12T10:25:53","modified_gmt":"2024-03-12T10:25:53","slug":"krem-per-rimbushjen-e-lipideve-kunder-kruajtjes-organik-i-certifikuar","status":"publish","type":"product","link":"https:\/\/farmacibela.com\/index.php\/product\/krem-per-rimbushjen-e-lipideve-kunder-kruajtjes-organik-i-certifikuar\/","title":{"rendered":"Krem p\u00ebr rimbushjen e lipideve, kund\u00ebr kruajtjes, organik i certifikuar"},"content":{"rendered":"","protected":false},"excerpt":{"rendered":"<div class=\"product-view__info\">\n<div class=\"product-view__info-content\">\n<div class=\"clearfix text-formatted field--name-body field--type-text-with-summary field--label-hidden field__item\">\n<p><span>Krem p\u00ebr rimbushjen e lipideve, kund\u00ebr kruajtjes, organik i certifikuar, qet\u00ebson n\u00eb m\u00ebnyr\u00eb efikase l\u00ebkur\u00ebn atopike, qet\u00ebson natyrsh\u00ebm mendjen e prind\u00ebrve.\u00a0Stelatopia+ \u00ebsht\u00eb projektuar posa\u00e7\u00ebrisht p\u00ebr l\u00ebkur\u00ebn jasht\u00ebzakonisht t\u00eb that\u00eb dhe t\u00eb prirur ndaj ekzem\u00ebs s\u00eb foshnj\u00ebs q\u00eb nga lindja* dhe p\u00ebr t\u00eb gjith\u00eb familjen.\u00a0I formuluar me 99% p\u00ebrb\u00ebr\u00ebs me origjin\u00eb natyrale me kompleksin e tij t\u00eb p\u00ebrb\u00ebr\u00ebsve aktiv\u00eb t\u00eb patentuar, distilatin e \u00e7ertifikuar ORGANIK t\u00eb vajit t\u00eb lulediellit dhe prebiotikun Bio\u00e9colia\u00ae, ai redukton menj\u00ebher\u00eb skuqjet dhe ka nj\u00eb efekt kund\u00ebr rikthimit duke kufizuar shpesht\u00ebsin\u00eb e majave t\u00eb forta t\u00eb that\u00ebsis\u00eb.\u00a0Pa aroma.\u00a0Formula vegane**.<\/span><\/p>\n<p><span>*T\u00eb sapolindurit jasht\u00eb NICU ** Formula vegane: formula pa p\u00ebrb\u00ebr\u00ebs me origjin\u00eb shtazore.\u00a0<\/span><\/p>\n<\/div>\n<\/div>\n<\/div>\n<div class=\"product-view__sponsors\">\n<p>&nbsp;<\/p>\n<div class=\"field--name-field-capacity field--type-string field--label-hidden field__item\"><span>150\/300 ML<\/span><\/div>\n<\/div>\n","protected":false},"featured_media":2534,"comment_status":"open","ping_status":"closed","template":"","meta":[],"product_cat":[372],"product_tag":[],"jetpack_sharing_enabled":true,"_links":{"self":[{"href":"https:\/\/farmacibela.com\/index.php\/wp-json\/wp\/v2\/product\/2533"}],"collection":[{"href":"https:\/\/farmacibela.com\/index.php\/wp-json\/wp\/v2\/product"}],"about":[{"href":"https:\/\/farmacibela.com\/index.php\/wp-json\/wp\/v2\/types\/product"}],"replies":[{"embeddable":true,"href":"https:\/\/farmacibela.com\/index.php\/wp-json\/wp\/v2\/comments?post=2533"}],"version-history":[{"count":3,"href":"https:\/\/farmacibela.com\/index.php\/wp-json\/wp\/v2\/product\/2533\/revisions"}],"predecessor-version":[{"id":2545,"href":"https:\/\/farmacibela.com\/index.php\/wp-json\/wp\/v2\/product\/2533\/revisions\/2545"}],"wp:featuredmedia":[{"embeddable":true,"href":"https:\/\/farmacibela.com\/index.php\/wp-json\/wp\/v2\/media\/2534"}],"wp:attachment":[{"href":"https:\/\/farmacibela.com\/index.php\/wp-json\/wp\/v2\/media?parent=2533"}],"wp:term":[{"taxonomy":"product_cat","embeddable":true,"href":"https:\/\/farmacibela.com\/index.php\/wp-json\/wp\/v2\/product_cat?post=2533"},{"taxonomy":"product_tag","embeddable":true,"href":"https:\/\/farmacibela.com\/index.php\/wp-json\/wp\/v2\/product_tag?post=2533"}],"curies":[{"name":"wp","href":"https:\/\/api.w.org\/{rel}","templated":true}]}}